{"id":245,"date":"2025-10-22T16:20:04","date_gmt":"2025-10-22T16:20:04","guid":{"rendered":"https:\/\/computers2kids.wpenginepowered.com\/?page_id=245"},"modified":"2025-11-19T19:12:16","modified_gmt":"2025-11-19T19:12:16","slug":"give-now","status":"publish","type":"page","link":"https:\/\/c2k.org\/es\/give-now\/","title":{"rendered":"Give Now"},"content":{"rendered":"<div data-elementor-type=\"wp-page\" data-elementor-id=\"245\" class=\"elementor elementor-245\" data-elementor-post-type=\"page\">\n\t\t\t\t<div class=\"elementor-element elementor-element-95bb98f e-flex e-con-boxed e-con e-parent\" data-id=\"95bb98f\" data-element_type=\"container\" data-e-type=\"container\" data-settings=\"{&quot;background_background&quot;:&quot;classic&quot;}\">\n\t\t\t\t\t<div class=\"e-con-inner\">\n\t\t<div class=\"elementor-element elementor-element-bac548f e-con-full e-flex e-con e-child\" data-id=\"bac548f\" data-element_type=\"container\" data-e-type=\"container\">\n\t\t\t\t<div class=\"elementor-element elementor-element-5c04cae elementor-widget elementor-widget-heading\" data-id=\"5c04cae\" data-element_type=\"widget\" data-e-type=\"widget\" data-widget_type=\"heading.default\">\n\t\t\t\t\t<h1 class=\"elementor-heading-title elementor-size-default\">Formas de donar<\/h1>\t\t\t\t<\/div>\n\t\t\t\t<div class=\"elementor-element elementor-element-4dd4a15 elementor-widget elementor-widget-text-editor\" data-id=\"4dd4a15\" data-element_type=\"widget\" data-e-type=\"widget\" data-widget_type=\"text-editor.default\">\n\t\t\t\t\t\t\t\t\t<p>Una peque\u00f1a cantidad puede cambiar una vida para siempre. Donar tu tiempo, tu dinero o tu equipo puede marcar una gran diferencia en la vida de alguien.<\/p>\t\t\t\t\t\t\t\t<\/div>\n\t\t\t\t<\/div>\n\t\t\t\t\t<\/div>\n\t\t\t\t<\/div>\n\t\t<div class=\"elementor-element elementor-element-0010e95 e-con-full e-flex e-con e-parent\" data-id=\"0010e95\" data-element_type=\"container\" data-e-type=\"container\">\n\t\t<div class=\"elementor-element elementor-element-1dbc107 e-con-full e-flex e-con e-child\" data-id=\"1dbc107\" data-element_type=\"container\" data-e-type=\"container\" data-settings=\"{&quot;background_background&quot;:&quot;gradient&quot;}\">\n\t\t\t\t<div class=\"elementor-element elementor-element-3ef2f64 elementor-widget elementor-widget-heading\" data-id=\"3ef2f64\" data-element_type=\"widget\" data-e-type=\"widget\" data-widget_type=\"heading.default\">\n\t\t\t\t\t<h2 class=\"elementor-heading-title elementor-size-default\">Donar tecnolog\u00eda<\/h2>\t\t\t\t<\/div>\n\t\t\t\t<div class=\"elementor-element elementor-element-a42be90 elementor-widget elementor-widget-text-editor\" data-id=\"a42be90\" data-element_type=\"widget\" data-e-type=\"widget\" data-widget_type=\"text-editor.default\">\n\t\t\t\t\t\t\t\t\t<p>Al donar tus aparatos electr\u00f3nicos a C2K, prolongas la vida \u00fatil de estos dispositivos entre 3 y 5 a\u00f1os, evitando que terminen en los vertederos y conectando a las familias con recursos vitales.<\/p>\t\t\t\t\t\t\t\t<\/div>\n\t\t<div class=\"elementor-element elementor-element-23c3737 e-con-full e-flex e-con e-child\" data-id=\"23c3737\" data-element_type=\"container\" data-e-type=\"container\">\n\t\t\t\t<div class=\"elementor-element elementor-element-8b5ca81 elementor-align-justify elementor-widget elementor-widget-button\" data-id=\"8b5ca81\" data-element_type=\"widget\" data-e-type=\"widget\" data-widget_type=\"button.default\">\n\t\t\t\t\t\t\t\t\t\t<a class=\"elementor-button elementor-button-link elementor-size-sm\" href=\"\/es\/donation-support\/donate-tech\/\">\n\t\t\t\t\t\t<span class=\"elementor-button-content-wrapper\">\n\t\t\t\t\t\t\t\t\t<span class=\"elementor-button-text\">RECICLA AHORA<\/span>\n\t\t\t\t\t<\/span>\n\t\t\t\t\t<\/a>\n\t\t\t\t\t\t\t\t<\/div>\n\t\t\t\t<\/div>\n\t\t\t\t<\/div>\n\t\t<div class=\"elementor-element elementor-element-10db8b7 e-con-full e-flex e-con e-child\" data-id=\"10db8b7\" data-element_type=\"container\" data-e-type=\"container\" data-settings=\"{&quot;background_background&quot;:&quot;gradient&quot;}\">\n\t\t\t\t<div class=\"elementor-element elementor-element-4073c1b elementor-widget elementor-widget-heading\" data-id=\"4073c1b\" data-element_type=\"widget\" data-e-type=\"widget\" data-widget_type=\"heading.default\">\n\t\t\t\t\t<h2 class=\"elementor-heading-title elementor-size-default\">Donar dinero en efectivo<\/h2>\t\t\t\t<\/div>\n\t\t\t\t<div class=\"elementor-element elementor-element-d44a510 elementor-widget elementor-widget-text-editor\" data-id=\"d44a510\" data-element_type=\"widget\" data-e-type=\"widget\" data-widget_type=\"text-editor.default\">\n\t\t\t\t\t\t\t\t\t<p>Por solo $350, puedes regalar a un ni\u00f1o y a su familia una computadora para toda la vida. \u00a1Haz tu donaci\u00f3n a C2K hoy mismo y ayuda a construir su futuro!<\/p>\t\t\t\t\t\t\t\t<\/div>\n\t\t<div class=\"elementor-element elementor-element-7c9069d e-con-full e-flex e-con e-child\" data-id=\"7c9069d\" data-element_type=\"container\" data-e-type=\"container\">\n\t\t\t\t<div class=\"elementor-element elementor-element-56208bf elementor-align-justify elementor-widget elementor-widget-button\" data-id=\"56208bf\" data-element_type=\"widget\" data-e-type=\"widget\" data-widget_type=\"button.default\">\n\t\t\t\t\t\t\t\t\t\t<a class=\"elementor-button elementor-button-link elementor-size-sm\" href=\"#give-form\">\n\t\t\t\t\t\t<span class=\"elementor-button-content-wrapper\">\n\t\t\t\t\t\t\t\t\t<span class=\"elementor-button-text\">DONA AHORA<\/span>\n\t\t\t\t\t<\/span>\n\t\t\t\t\t<\/a>\n\t\t\t\t\t\t\t\t<\/div>\n\t\t\t\t<\/div>\n\t\t\t\t<\/div>\n\t\t<div class=\"elementor-element elementor-element-079aea5 e-con-full e-flex e-con e-child\" data-id=\"079aea5\" data-element_type=\"container\" data-e-type=\"container\" data-settings=\"{&quot;background_background&quot;:&quot;gradient&quot;}\">\n\t\t\t\t<div class=\"elementor-element elementor-element-13e8708 elementor-widget elementor-widget-heading\" data-id=\"13e8708\" data-element_type=\"widget\" data-e-type=\"widget\" data-widget_type=\"heading.default\">\n\t\t\t\t\t<h2 class=\"elementor-heading-title elementor-size-default\">Dona tu tiempo<\/h2>\t\t\t\t<\/div>\n\t\t\t\t<div class=\"elementor-element elementor-element-67be02e elementor-widget elementor-widget-text-editor\" data-id=\"67be02e\" data-element_type=\"widget\" data-e-type=\"widget\" data-widget_type=\"text-editor.default\">\n\t\t\t\t\t\t\t\t\t<p>\u00danete a la familia C2K como voluntario y experimenta la alegr\u00eda de retribuir, crear v\u00ednculos y generar un impacto duradero en tu comunidad.<\/p>\t\t\t\t\t\t\t\t<\/div>\n\t\t<div class=\"elementor-element elementor-element-b185378 e-con-full e-flex e-con e-child\" data-id=\"b185378\" data-element_type=\"container\" data-e-type=\"container\">\n\t\t\t\t<div class=\"elementor-element elementor-element-d10b420 elementor-align-justify elementor-widget elementor-widget-button\" data-id=\"d10b420\" data-element_type=\"widget\" data-e-type=\"widget\" data-widget_type=\"button.default\">\n\t\t\t\t\t\t\t\t\t\t<a class=\"elementor-button elementor-button-link elementor-size-sm\" href=\"\/es\/donation-support\/donate-time\/\">\n\t\t\t\t\t\t<span class=\"elementor-button-content-wrapper\">\n\t\t\t\t\t\t\t\t\t<span class=\"elementor-button-text\">HAZTE VOLUNTARIO AHORA<\/span>\n\t\t\t\t\t<\/span>\n\t\t\t\t\t<\/a>\n\t\t\t\t\t\t\t\t<\/div>\n\t\t\t\t<\/div>\n\t\t\t\t<\/div>\n\t\t\t\t<\/div>\n\t\t<div class=\"elementor-element elementor-element-b009a05 give-form e-flex e-con-boxed e-con e-parent\" data-id=\"b009a05\" data-element_type=\"container\" data-e-type=\"container\" id=\"give-form\" data-settings=\"{&quot;background_background&quot;:&quot;classic&quot;}\">\n\t\t\t\t\t<div class=\"e-con-inner\">\n\t\t<div class=\"elementor-element elementor-element-423f6d8 e-con-full e-flex e-con e-child\" data-id=\"423f6d8\" data-element_type=\"container\" data-e-type=\"container\" data-settings=\"{&quot;background_background&quot;:&quot;classic&quot;}\">\n\t\t\t\t<div class=\"elementor-element elementor-element-e687fab elementor-widget__width-inherit elementor-widget elementor-widget-html\" data-id=\"e687fab\" data-element_type=\"widget\" data-e-type=\"widget\" id=\"donateWidget\" data-widget_type=\"html.default\">\n\t\t\t\t\t<div id=\"blackbaud-donation-form_d2bd8e9b-9797-4a18-bc3b-953e2e696ec1\"><\/div>\n        <script src=\"https:\/\/sky.blackbaudcdn.net\/static\/donor-form-loader\/2\/main.js\"><\/script>\n        <script>BBDonorFormLoader.newBlackbaudDonationFormZoned('renxt', 'p-PNDbWw3OTk2dHCGzeHH_qg', 'd2bd8e9b-9797-4a18-bc3b-953e2e696ec1', 'usa')<\/script>\t\t\t\t<\/div>\n\t\t\t\t<\/div>\n\t\t\t\t\t<\/div>\n\t\t\t\t<\/div>\n\t\t<div class=\"elementor-element elementor-element-ee254a8 e-flex e-con-boxed e-con e-parent\" data-id=\"ee254a8\" data-element_type=\"container\" data-e-type=\"container\" data-settings=\"{&quot;background_background&quot;:&quot;classic&quot;}\">\n\t\t\t\t\t<div class=\"e-con-inner\">\n\t\t\t\t<div class=\"elementor-element elementor-element-7784489 elementor-widget elementor-widget-heading\" data-id=\"7784489\" data-element_type=\"widget\" data-e-type=\"widget\" data-widget_type=\"heading.default\">\n\t\t\t\t\t<h2 class=\"elementor-heading-title elementor-size-default\">\u00bfNecesitas ayuda?<\/h2>\t\t\t\t<\/div>\n\t\t\t\t<div class=\"elementor-element elementor-element-30a3f8b elementor-widget elementor-widget-text-editor\" data-id=\"30a3f8b\" data-element_type=\"widget\" data-e-type=\"widget\" data-widget_type=\"text-editor.default\">\n\t\t\t\t\t\t\t\t\t<p>\n  <strong>Soporte t\u00e9cnico:<\/strong>\n  Llamar <a href=\"tel:8582009784\">(858) 200-9784<\/a> o correo electr\u00f3nico\n  <a href=\"mailto:techsupport@c2k.org\">techsupport@c2k.org<\/a><br>\n  \n  <strong>Necesito una computadora:<\/strong>\n  Llamar <a href=\"tel:8582009788\">(858) 200-9788<\/a> o correo electr\u00f3nico\n  <a href=\"mailto:programs@c2k.org\">programs@c2k.org<\/a><br>\n  \n  <strong>Donaciones tecnol\u00f3gicas:<\/strong>\n  Llamar <a href=\"tel:8582009791\">(858) 200-9791<\/a> o correo electr\u00f3nico\n  <a href=\"mailto:tperry@c2k.org\">tperry@c2k.org<\/a>\n<\/p>\n\t\t\t\t\t\t\t\t<\/div>\n\t\t\t\t\t<\/div>\n\t\t\t\t<\/div>\n\t\t\t\t<\/div>","protected":false},"excerpt":{"rendered":"<p>Ways to Give A small amount can change a life forever. Giving your time, your money, or your equipment can make all the difference in someone\u2019s life. Donate Tech By donating your electronics to C2K, you extend the life of these devices by 3\u20135 years, keeping them out of landfills while connecting families to vital [&hellip;]<\/p>\n","protected":false},"author":2,"featured_media":0,"parent":0,"menu_order":0,"comment_status":"closed","ping_status":"closed","template":"elementor_header_footer","meta":{"_acf_changed":false,"footnotes":""},"class_list":["post-245","page","type-page","status-publish","hentry"],"acf":[],"yoast_head":"<!-- This site is optimized with the Yoast SEO plugin v27.2 - https:\/\/yoast.com\/product\/yoast-seo-wordpress\/ -->\n<title>Donate Now to Computers 2 Kids | San Diego Nonprofit<\/title>\n<meta name=\"description\" content=\"Support San Diego families with a donation to C2K. Your gift provides affordable computers and digital literacy training to those in need.\" \/>\n<meta name=\"robots\" content=\"index, follow, max-snippet:-1, max-image-preview:large, max-video-preview:-1\" \/>\n<link rel=\"canonical\" href=\"https:\/\/c2k.org\/es\/give-now\/\" \/>\n<meta property=\"og:locale\" content=\"es_MX\" \/>\n<meta property=\"og:type\" content=\"article\" \/>\n<meta property=\"og:title\" content=\"Donate Now to Computers 2 Kids | San Diego Nonprofit\" \/>\n<meta property=\"og:description\" content=\"Support San Diego families with a donation to C2K. Your gift provides affordable computers and digital literacy training to those in need.\" \/>\n<meta property=\"og:url\" content=\"https:\/\/c2k.org\/es\/give-now\/\" \/>\n<meta property=\"og:site_name\" content=\"Computers 2 Kids\" \/>\n<meta property=\"article:modified_time\" content=\"2025-11-19T19:12:16+00:00\" \/>\n<meta name=\"twitter:card\" content=\"summary_large_image\" \/>\n<meta name=\"twitter:label1\" content=\"Est. reading time\" \/>\n\t<meta name=\"twitter:data1\" content=\"1 minuto\" \/>\n<script type=\"application\/ld+json\" class=\"yoast-schema-graph\">{\"@context\":\"https:\/\/schema.org\",\"@graph\":[{\"@type\":\"WebPage\",\"@id\":\"https:\/\/c2k.org\/give-now\/\",\"url\":\"https:\/\/c2k.org\/give-now\/\",\"name\":\"Donate Now to Computers 2 Kids | San Diego Nonprofit\",\"isPartOf\":{\"@id\":\"https:\/\/c2k.org\/#website\"},\"datePublished\":\"2025-10-22T16:20:04+00:00\",\"dateModified\":\"2025-11-19T19:12:16+00:00\",\"description\":\"Support San Diego families with a donation to C2K. Your gift provides affordable computers and digital literacy training to those in need.\",\"breadcrumb\":{\"@id\":\"https:\/\/c2k.org\/give-now\/#breadcrumb\"},\"inLanguage\":\"es\",\"potentialAction\":[{\"@type\":\"ReadAction\",\"target\":[\"https:\/\/c2k.org\/give-now\/\"]}]},{\"@type\":\"BreadcrumbList\",\"@id\":\"https:\/\/c2k.org\/give-now\/#breadcrumb\",\"itemListElement\":[{\"@type\":\"ListItem\",\"position\":1,\"name\":\"Home\",\"item\":\"https:\/\/c2k.org\/\"},{\"@type\":\"ListItem\",\"position\":2,\"name\":\"Give Now\"}]},{\"@type\":\"WebSite\",\"@id\":\"https:\/\/c2k.org\/#website\",\"url\":\"https:\/\/c2k.org\/\",\"name\":\"Computers 2 Kids\",\"description\":\"Bridging the Digital Divide with Access to Technology for Every Family\",\"publisher\":{\"@id\":\"https:\/\/c2k.org\/#organization\"},\"potentialAction\":[{\"@type\":\"SearchAction\",\"target\":{\"@type\":\"EntryPoint\",\"urlTemplate\":\"https:\/\/c2k.org\/?s={search_term_string}\"},\"query-input\":{\"@type\":\"PropertyValueSpecification\",\"valueRequired\":true,\"valueName\":\"search_term_string\"}}],\"inLanguage\":\"es\"},{\"@type\":\"Organization\",\"@id\":\"https:\/\/c2k.org\/#organization\",\"name\":\"Computers 2 Kids\",\"url\":\"https:\/\/c2k.org\/\",\"logo\":{\"@type\":\"ImageObject\",\"inLanguage\":\"es\",\"@id\":\"https:\/\/c2k.org\/#\/schema\/logo\/image\/\",\"url\":\"https:\/\/c2k.org\/wp-content\/uploads\/2025\/10\/computers-2-kids-site-logo.png\",\"contentUrl\":\"https:\/\/c2k.org\/wp-content\/uploads\/2025\/10\/computers-2-kids-site-logo.png\",\"width\":300,\"height\":146,\"caption\":\"Computers 2 Kids\"},\"image\":{\"@id\":\"https:\/\/c2k.org\/#\/schema\/logo\/image\/\"}}]}<\/script>\n<!-- \/ Yoast SEO plugin. -->","yoast_head_json":{"title":"Donate Now to Computers 2 Kids | San Diego Nonprofit","description":"Support San Diego families with a donation to C2K. Your gift provides affordable computers and digital literacy training to those in need.","robots":{"index":"index","follow":"follow","max-snippet":"max-snippet:-1","max-image-preview":"max-image-preview:large","max-video-preview":"max-video-preview:-1"},"canonical":"https:\/\/c2k.org\/es\/give-now\/","og_locale":"es_MX","og_type":"article","og_title":"Donate Now to Computers 2 Kids | San Diego Nonprofit","og_description":"Support San Diego families with a donation to C2K. Your gift provides affordable computers and digital literacy training to those in need.","og_url":"https:\/\/c2k.org\/es\/give-now\/","og_site_name":"Computers 2 Kids","article_modified_time":"2025-11-19T19:12:16+00:00","twitter_card":"summary_large_image","twitter_misc":{"Est. reading time":"1 minuto"},"schema":{"@context":"https:\/\/schema.org","@graph":[{"@type":"WebPage","@id":"https:\/\/c2k.org\/give-now\/","url":"https:\/\/c2k.org\/give-now\/","name":"Donate Now to Computers 2 Kids | San Diego Nonprofit","isPartOf":{"@id":"https:\/\/c2k.org\/#website"},"datePublished":"2025-10-22T16:20:04+00:00","dateModified":"2025-11-19T19:12:16+00:00","description":"Support San Diego families with a donation to C2K. Your gift provides affordable computers and digital literacy training to those in need.","breadcrumb":{"@id":"https:\/\/c2k.org\/give-now\/#breadcrumb"},"inLanguage":"es","potentialAction":[{"@type":"ReadAction","target":["https:\/\/c2k.org\/give-now\/"]}]},{"@type":"BreadcrumbList","@id":"https:\/\/c2k.org\/give-now\/#breadcrumb","itemListElement":[{"@type":"ListItem","position":1,"name":"Home","item":"https:\/\/c2k.org\/"},{"@type":"ListItem","position":2,"name":"Give Now"}]},{"@type":"WebSite","@id":"https:\/\/c2k.org\/#website","url":"https:\/\/c2k.org\/","name":"Computers 2 Kids","description":"Bridging the Digital Divide with Access to Technology for Every Family","publisher":{"@id":"https:\/\/c2k.org\/#organization"},"potentialAction":[{"@type":"SearchAction","target":{"@type":"EntryPoint","urlTemplate":"https:\/\/c2k.org\/?s={search_term_string}"},"query-input":{"@type":"PropertyValueSpecification","valueRequired":true,"valueName":"search_term_string"}}],"inLanguage":"es"},{"@type":"Organization","@id":"https:\/\/c2k.org\/#organization","name":"Computers 2 Kids","url":"https:\/\/c2k.org\/","logo":{"@type":"ImageObject","inLanguage":"es","@id":"https:\/\/c2k.org\/#\/schema\/logo\/image\/","url":"https:\/\/c2k.org\/wp-content\/uploads\/2025\/10\/computers-2-kids-site-logo.png","contentUrl":"https:\/\/c2k.org\/wp-content\/uploads\/2025\/10\/computers-2-kids-site-logo.png","width":300,"height":146,"caption":"Computers 2 Kids"},"image":{"@id":"https:\/\/c2k.org\/#\/schema\/logo\/image\/"}}]}},"featured_image_src":null,"featured_image_src_square":null,"_links":{"self":[{"href":"https:\/\/c2k.org\/es\/wp-json\/wp\/v2\/pages\/245","targetHints":{"allow":["GET"]}}],"collection":[{"href":"https:\/\/c2k.org\/es\/wp-json\/wp\/v2\/pages"}],"about":[{"href":"https:\/\/c2k.org\/es\/wp-json\/wp\/v2\/types\/page"}],"author":[{"embeddable":true,"href":"https:\/\/c2k.org\/es\/wp-json\/wp\/v2\/users\/2"}],"replies":[{"embeddable":true,"href":"https:\/\/c2k.org\/es\/wp-json\/wp\/v2\/comments?post=245"}],"version-history":[{"count":0,"href":"https:\/\/c2k.org\/es\/wp-json\/wp\/v2\/pages\/245\/revisions"}],"wp:attachment":[{"href":"https:\/\/c2k.org\/es\/wp-json\/wp\/v2\/media?parent=245"}],"curies":[{"name":"wp","href":"https:\/\/api.w.org\/{rel}","templated":true}]}}